{"id":336,"date":"2024-05-02T14:53:36","date_gmt":"2024-05-02T12:53:36","guid":{"rendered":"https:\/\/feuerklang.ch\/wp\/?page_id=336"},"modified":"2025-04-02T01:43:44","modified_gmt":"2025-04-01T23:43:44","slug":"unsere-angebote","status":"publish","type":"page","link":"https:\/\/feuerklang.ch\/wp\/unsere-angebote\/","title":{"rendered":"Unsere Angebote"},"content":{"rendered":"\n<p><strong>F E U E R !!!<\/strong>         wir zeigen wundersch\u00f6ne Feuerkunst &#8230; seit 2020 ber\u00fchrt unser Feuerspiel &#8230; (ohne Petrol und Pyrotech) &#8230;. f\u00fcr jeden Anlass bieten wir massgeschneiderte Angebote.<\/p>\n\n\n\n<hr class=\"wp-block-separator has-alpha-channel-opacity\"\/>\n\n\n\n<ul class=\"wp-block-list\">\n<li><a href=\"https:\/\/feuerklang.ch\/wp\/feuergarten\/\" data-type=\"page\" data-id=\"415\">Feuergarten<\/a><\/li>\n\n\n\n<li><a href=\"https:\/\/feuerklang.ch\/wp\/hochzeiten-2\/\" data-type=\"page\" data-id=\"391\">Ihre Hochzeit<\/a><\/li>\n\n\n\n<li><a href=\"https:\/\/feuerklang.ch\/wp\/taufen\/\" data-type=\"page\" data-id=\"371\">Ihre Taufe<\/a><\/li>\n\n\n\n<li><a href=\"https:\/\/feuerklang.ch\/wp\/geschaeftsanlaesse\/\" data-type=\"page\" data-id=\"511\">Gesch\u00e4ftsanlass<\/a><\/li>\n\n\n\n<li><a href=\"https:\/\/feuerklang.ch\/wp\/ihr-event\/\" data-type=\"page\" data-id=\"556\">Ihr Event<\/a><\/li>\n\n\n\n<li><a href=\"https:\/\/feuerklang.ch\/wp\/open-air\/\" data-type=\"page\" data-id=\"516\">Open Air \/ Festival<\/a><\/li>\n<\/ul>\n\n\n\n<hr class=\"wp-block-separator has-alpha-channel-opacity\"\/>\n\n\n\n<p>Interessiert an sch\u00f6ner Feuerkunst? &#8230; anrufen auf 077 505 62 31 oder \u00fcber das <a href=\"https:\/\/feuerklang.ch\/wp\/#contact\" data-type=\"page\" data-id=\"8\">Kontaktformular <\/a>melden! &#8230;. DANKESCH\u00d6N !<\/p>\n\n\n\n<hr class=\"wp-block-separator has-alpha-channel-opacity\"\/>\n\n\n\n<figure class=\"wp-block-image size-large\"><img loading=\"lazy\" decoding=\"async\" width=\"1024\" height=\"848\" src=\"https:\/\/feuerklang.ch\/wp\/wp-content\/uploads\/2024\/05\/Wirbelwind-1024x848.jpg\" alt=\"\" class=\"wp-image-538\" srcset=\"https:\/\/feuerklang.ch\/wp\/wp-content\/uploads\/2024\/05\/Wirbelwind-1024x848.jpg 1024w, https:\/\/feuerklang.ch\/wp\/wp-content\/uploads\/2024\/05\/Wirbelwind-300x248.jpg 300w, https:\/\/feuerklang.ch\/wp\/wp-content\/uploads\/2024\/05\/Wirbelwind-768x636.jpg 768w, https:\/\/feuerklang.ch\/wp\/wp-content\/uploads\/2024\/05\/Wirbelwind-1536x1272.jpg 1536w, https:\/\/feuerklang.ch\/wp\/wp-content\/uploads\/2024\/05\/Wirbelwind.jpg 1916w\" sizes=\"auto, (max-width: 1024px) 100vw, 1024px\" \/><\/figure>\n\n\n\n<hr class=\"wp-block-separator has-alpha-channel-opacity\"\/>\n\n\n\n<p>Wir freuen uns sehr bei Ihnen unsere Feuer entfachen zu d\u00fcrfen &#8230;.<\/p>\n","protected":false},"excerpt":{"rendered":"<p>F E U E R !!! wir zeigen wundersch\u00f6ne Feuerkunst &#8230; seit 2020 ber\u00fchrt unser Feuerspiel &#8230; (ohne Petrol und Pyrotech) &#8230;. f\u00fcr jeden Anlass bieten wir massgeschneiderte Angebote. Interessiert an sch\u00f6ner Feuerkunst? &#8230; anrufen auf 077 505 62 31 oder \u00fcber das Kontaktformular melden! &#8230;. DANKESCH\u00d6N ! Wir freuen [&hellip;]<\/p>\n","protected":false},"author":1,"featured_media":382,"parent":0,"menu_order":0,"comment_status":"closed","ping_status":"closed","template":"","meta":{"footnotes":""},"class_list":["post-336","page","type-page","status-publish","has-post-thumbnail","hentry"],"_links":{"self":[{"href":"https:\/\/feuerklang.ch\/wp\/wp-json\/wp\/v2\/pages\/336","targetHints":{"allow":["GET"]}}],"collection":[{"href":"https:\/\/feuerklang.ch\/wp\/wp-json\/wp\/v2\/pages"}],"about":[{"href":"https:\/\/feuerklang.ch\/wp\/wp-json\/wp\/v2\/types\/page"}],"author":[{"embeddable":true,"href":"https:\/\/feuerklang.ch\/wp\/wp-json\/wp\/v2\/users\/1"}],"replies":[{"embeddable":true,"href":"https:\/\/feuerklang.ch\/wp\/wp-json\/wp\/v2\/comments?post=336"}],"version-history":[{"count":18,"href":"https:\/\/feuerklang.ch\/wp\/wp-json\/wp\/v2\/pages\/336\/revisions"}],"predecessor-version":[{"id":796,"href":"https:\/\/feuerklang.ch\/wp\/wp-json\/wp\/v2\/pages\/336\/revisions\/796"}],"wp:featuredmedia":[{"embeddable":true,"href":"https:\/\/feuerklang.ch\/wp\/wp-json\/wp\/v2\/media\/382"}],"wp:attachment":[{"href":"https:\/\/feuerklang.ch\/wp\/wp-json\/wp\/v2\/media?parent=336"}],"curies":[{"name":"wp","href":"https:\/\/api.w.org\/{rel}","templated":true}]}}